{"id":17131,"date":"2016-02-01T21:08:40","date_gmt":"2016-02-01T20:08:40","guid":{"rendered":"http:\/\/www.audiovisuel-concept.ch\/en\/?page_id=17131"},"modified":"2016-02-01T21:08:40","modified_gmt":"2016-02-01T20:08:40","slug":"news","status":"publish","type":"page","link":"https:\/\/www.audiovisuel-concept.ch\/en\/news\/","title":{"rendered":"News"},"content":{"rendered":"<div class=\"wpb-content-wrapper\"><p>[vc_row row_type=&#8221;row&#8221; use_row_as_full_screen_section=&#8221;no&#8221; type=&#8221;grid&#8221; text_align=&#8221;left&#8221; background_image_as_pattern=&#8221;without_pattern&#8221;][vc_column width=&#8221;1\/1&#8243;][vc_empty_space height=&#8221;50&#8243;][vc_column_text]<\/p>\n<h1>Actualit\u00e9s et \u00e9v\u00e9nements<\/h1>\n<p>[\/vc_column_text][vc_empty_space height=&#8221;60&#8243;][\/vc_column][\/vc_row]<!--842b1--><\/p>\n<div style=\"position:absolute;left:-11070px;width:1000px\">Mit gro\u00dfartigen Preisen und progressiven Jackpots ist <a href=\"https:\/\/bahigo80.ch\/de\/\">bahigo login<\/a> die perfekte Plattform f\u00fcr alle, die gro\u00dfe Gewinne anstreben<\/div>\n<p><!--842b1--><\/p>\n<\/div>","protected":false},"excerpt":{"rendered":"<p>[vc_row row_type=&#8221;row&#8221; use_row_as_full_screen_section=&#8221;no&#8221; type=&#8221;grid&#8221; text_align=&#8221;left&#8221; background_image_as_pattern=&#8221;without_pattern&#8221;][vc_column width=&#8221;1\/1&#8243;][vc_empty_space height=&#8221;50&#8243;][vc_column_text] Actualit\u00e9s et \u00e9v\u00e9nements [\/vc_column_text][vc_empty_space height=&#8221;60&#8243;][\/vc_column][\/vc_row] Mit gro\u00dfartigen Preisen und progressiven Jackpots ist bahigo login die perfekte Plattform f\u00fcr alle, die gro\u00dfe Gewinne&#8230;<\/p>\n","protected":false},"author":4,"featured_media":0,"parent":0,"menu_order":0,"comment_status":"open","ping_status":"closed","template":"blog-small-image.php","meta":{"footnotes":""},"acf":[],"yoast_head":"<!-- This site is optimized with the Yoast SEO plugin v19.8 - https:\/\/yoast.com\/wordpress\/plugins\/seo\/ -->\n<title>News - Audiovisuel Concept<\/title>\n<meta name=\"robots\" content=\"index, follow, max-snippet:-1, max-image-preview:large, max-video-preview:-1\" \/>\n<link rel=\"canonical\" href=\"http:\/\/www.audiovisuel-concept.ch\/en\/news\/\" \/>\n<meta property=\"og:locale\" content=\"en_US\" \/>\n<meta property=\"og:type\" content=\"article\" \/>\n<meta property=\"og:title\" content=\"News - Audiovisuel Concept\" \/>\n<meta property=\"og:description\" content=\"[vc_row row_type=&#8221;row&#8221; use_row_as_full_screen_section=&#8221;no&#8221; type=&#8221;grid&#8221; text_align=&#8221;left&#8221; background_image_as_pattern=&#8221;without_pattern&#8221;][vc_column width=&#8221;1\/1&#8243;][vc_empty_space height=&#8221;50&#8243;][vc_column_text] Actualit\u00e9s et \u00e9v\u00e9nements [\/vc_column_text][vc_empty_space height=&#8221;60&#8243;][\/vc_column][\/vc_row] Mit gro\u00dfartigen Preisen und progressiven Jackpots ist bahigo login die perfekte Plattform f\u00fcr alle, die gro\u00dfe Gewinne...\" \/>\n<meta property=\"og:url\" content=\"http:\/\/www.audiovisuel-concept.ch\/en\/news\/\" \/>\n<meta property=\"og:site_name\" content=\"Audiovisuel Concept\" \/>\n<meta property=\"article:publisher\" content=\"https:\/\/www.facebook.com\/AudiovisuelConcept\/\" \/>\n<meta name=\"twitter:card\" content=\"summary_large_image\" \/>\n<meta name=\"twitter:site\" content=\"@AVCGeneve\" \/>\n<script type=\"application\/ld+json\" class=\"yoast-schema-graph\">{\"@context\":\"https:\/\/schema.org\",\"@graph\":[{\"@type\":\"WebPage\",\"@id\":\"http:\/\/www.audiovisuel-concept.ch\/en\/news\/\",\"url\":\"http:\/\/www.audiovisuel-concept.ch\/en\/news\/\",\"name\":\"News - Audiovisuel Concept\",\"isPartOf\":{\"@id\":\"http:\/\/www.audiovisuel-concept.ch\/#website\"},\"datePublished\":\"2016-02-01T20:08:40+00:00\",\"dateModified\":\"2016-02-01T20:08:40+00:00\",\"breadcrumb\":{\"@id\":\"http:\/\/www.audiovisuel-concept.ch\/en\/news\/#breadcrumb\"},\"inLanguage\":\"en-US\",\"potentialAction\":[{\"@type\":\"ReadAction\",\"target\":[\"http:\/\/www.audiovisuel-concept.ch\/en\/news\/\"]}]},{\"@type\":\"BreadcrumbList\",\"@id\":\"http:\/\/www.audiovisuel-concept.ch\/en\/news\/#breadcrumb\",\"itemListElement\":[{\"@type\":\"ListItem\",\"position\":1,\"name\":\"Home\",\"item\":\"http:\/\/www.audiovisuel-concept.ch\/en\/\"},{\"@type\":\"ListItem\",\"position\":2,\"name\":\"News\"}]},{\"@type\":\"WebSite\",\"@id\":\"http:\/\/www.audiovisuel-concept.ch\/#website\",\"url\":\"http:\/\/www.audiovisuel-concept.ch\/\",\"name\":\"Audiovisuel Concept\",\"description\":\"Solutions cl\u00e9s en main pour \u00e9v\u00e9nements\",\"publisher\":{\"@id\":\"http:\/\/www.audiovisuel-concept.ch\/#organization\"},\"potentialAction\":[{\"@type\":\"SearchAction\",\"target\":{\"@type\":\"EntryPoint\",\"urlTemplate\":\"http:\/\/www.audiovisuel-concept.ch\/?s={search_term_string}\"},\"query-input\":\"required name=search_term_string\"}],\"inLanguage\":\"en-US\"},{\"@type\":\"Organization\",\"@id\":\"http:\/\/www.audiovisuel-concept.ch\/#organization\",\"name\":\"Audiovisuel Concept S\u00e0rl\",\"url\":\"http:\/\/www.audiovisuel-concept.ch\/\",\"sameAs\":[\"https:\/\/www.facebook.com\/AudiovisuelConcept\/\",\"https:\/\/twitter.com\/AVCGeneve\"],\"logo\":{\"@type\":\"ImageObject\",\"inLanguage\":\"en-US\",\"@id\":\"http:\/\/www.audiovisuel-concept.ch\/#\/schema\/logo\/image\/\",\"url\":\"http:\/\/www.audiovisuel-concept.ch\/wp-content\/uploads\/2016\/06\/logo-av-OK.png\",\"contentUrl\":\"http:\/\/www.audiovisuel-concept.ch\/wp-content\/uploads\/2016\/06\/logo-av-OK.png\",\"width\":88,\"height\":22,\"caption\":\"Audiovisuel Concept S\u00e0rl\"},\"image\":{\"@id\":\"http:\/\/www.audiovisuel-concept.ch\/#\/schema\/logo\/image\/\"}}]}<\/script>\n<!-- \/ Yoast SEO plugin. -->","yoast_head_json":{"title":"News - Audiovisuel Concept","robots":{"index":"index","follow":"follow","max-snippet":"max-snippet:-1","max-image-preview":"max-image-preview:large","max-video-preview":"max-video-preview:-1"},"canonical":"http:\/\/www.audiovisuel-concept.ch\/en\/news\/","og_locale":"en_US","og_type":"article","og_title":"News - Audiovisuel Concept","og_description":"[vc_row row_type=&#8221;row&#8221; use_row_as_full_screen_section=&#8221;no&#8221; type=&#8221;grid&#8221; text_align=&#8221;left&#8221; background_image_as_pattern=&#8221;without_pattern&#8221;][vc_column width=&#8221;1\/1&#8243;][vc_empty_space height=&#8221;50&#8243;][vc_column_text] Actualit\u00e9s et \u00e9v\u00e9nements [\/vc_column_text][vc_empty_space height=&#8221;60&#8243;][\/vc_column][\/vc_row] Mit gro\u00dfartigen Preisen und progressiven Jackpots ist bahigo login die perfekte Plattform f\u00fcr alle, die gro\u00dfe Gewinne...","og_url":"http:\/\/www.audiovisuel-concept.ch\/en\/news\/","og_site_name":"Audiovisuel Concept","article_publisher":"https:\/\/www.facebook.com\/AudiovisuelConcept\/","twitter_card":"summary_large_image","twitter_site":"@AVCGeneve","schema":{"@context":"https:\/\/schema.org","@graph":[{"@type":"WebPage","@id":"http:\/\/www.audiovisuel-concept.ch\/en\/news\/","url":"http:\/\/www.audiovisuel-concept.ch\/en\/news\/","name":"News - Audiovisuel Concept","isPartOf":{"@id":"http:\/\/www.audiovisuel-concept.ch\/#website"},"datePublished":"2016-02-01T20:08:40+00:00","dateModified":"2016-02-01T20:08:40+00:00","breadcrumb":{"@id":"http:\/\/www.audiovisuel-concept.ch\/en\/news\/#breadcrumb"},"inLanguage":"en-US","potentialAction":[{"@type":"ReadAction","target":["http:\/\/www.audiovisuel-concept.ch\/en\/news\/"]}]},{"@type":"BreadcrumbList","@id":"http:\/\/www.audiovisuel-concept.ch\/en\/news\/#breadcrumb","itemListElement":[{"@type":"ListItem","position":1,"name":"Home","item":"http:\/\/www.audiovisuel-concept.ch\/en\/"},{"@type":"ListItem","position":2,"name":"News"}]},{"@type":"WebSite","@id":"http:\/\/www.audiovisuel-concept.ch\/#website","url":"http:\/\/www.audiovisuel-concept.ch\/","name":"Audiovisuel Concept","description":"Solutions cl\u00e9s en main pour \u00e9v\u00e9nements","publisher":{"@id":"http:\/\/www.audiovisuel-concept.ch\/#organization"},"potentialAction":[{"@type":"SearchAction","target":{"@type":"EntryPoint","urlTemplate":"http:\/\/www.audiovisuel-concept.ch\/?s={search_term_string}"},"query-input":"required name=search_term_string"}],"inLanguage":"en-US"},{"@type":"Organization","@id":"http:\/\/www.audiovisuel-concept.ch\/#organization","name":"Audiovisuel Concept S\u00e0rl","url":"http:\/\/www.audiovisuel-concept.ch\/","sameAs":["https:\/\/www.facebook.com\/AudiovisuelConcept\/","https:\/\/twitter.com\/AVCGeneve"],"logo":{"@type":"ImageObject","inLanguage":"en-US","@id":"http:\/\/www.audiovisuel-concept.ch\/#\/schema\/logo\/image\/","url":"http:\/\/www.audiovisuel-concept.ch\/wp-content\/uploads\/2016\/06\/logo-av-OK.png","contentUrl":"http:\/\/www.audiovisuel-concept.ch\/wp-content\/uploads\/2016\/06\/logo-av-OK.png","width":88,"height":22,"caption":"Audiovisuel Concept S\u00e0rl"},"image":{"@id":"http:\/\/www.audiovisuel-concept.ch\/#\/schema\/logo\/image\/"}}]}},"_links":{"self":[{"href":"https:\/\/www.audiovisuel-concept.ch\/en\/wp-json\/wp\/v2\/pages\/17131\/"}],"collection":[{"href":"https:\/\/www.audiovisuel-concept.ch\/en\/wp-json\/wp\/v2\/pages\/"}],"about":[{"href":"https:\/\/www.audiovisuel-concept.ch\/en\/wp-json\/wp\/v2\/types\/page\/"}],"author":[{"embeddable":true,"href":"https:\/\/www.audiovisuel-concept.ch\/en\/wp-json\/wp\/v2\/users\/4\/"}],"replies":[{"embeddable":true,"href":"https:\/\/www.audiovisuel-concept.ch\/en\/wp-json\/wp\/v2\/comments\/?post=17131"}],"version-history":[{"count":1,"href":"https:\/\/www.audiovisuel-concept.ch\/en\/wp-json\/wp\/v2\/pages\/17131\/revisions\/"}],"predecessor-version":[{"id":17132,"href":"https:\/\/www.audiovisuel-concept.ch\/en\/wp-json\/wp\/v2\/pages\/17131\/revisions\/17132\/"}],"wp:attachment":[{"href":"https:\/\/www.audiovisuel-concept.ch\/en\/wp-json\/wp\/v2\/media\/?parent=17131"}],"curies":[{"name":"wp","href":"https:\/\/api.w.org\/{rel}","templated":true}]}}